{"id":15,"date":"2019-03-11T12:10:08","date_gmt":"2019-03-11T11:10:08","guid":{"rendered":"https:\/\/siudekszydlowski.com\/portfolio\/"},"modified":"2024-01-09T20:14:05","modified_gmt":"2024-01-09T19:14:05","slug":"realizacje","status":"publish","type":"page","link":"https:\/\/siudekszydlowski.com\/?page_id=15","title":{"rendered":"Realizacje"},"content":{"rendered":"\t\t<div data-elementor-type=\"wp-post\" data-elementor-id=\"15\" class=\"elementor elementor-15\">\n\t\t\t\t\t\t<section class=\"elementor-section elementor-top-section elementor-element elementor-element-b1d7697 elementor-section-boxed elementor-section-height-default elementor-section-height-default\" data-id=\"b1d7697\" data-element_type=\"section\" data-e-type=\"section\" data-settings=\"{&quot;background_background&quot;:&quot;classic&quot;}\">\n\t\t\t\t\t\t\t<div class=\"elementor-background-overlay\"><\/div>\n\t\t\t\t\t\t\t<div class=\"elementor-container elementor-column-gap-default\">\n\t\t\t\t\t<div class=\"elementor-column elementor-col-100 elementor-top-column elementor-element elementor-element-bd5e621\" data-id=\"bd5e621\" data-element_type=\"column\" data-e-type=\"column\">\n\t\t\t<div class=\"elementor-widget-wrap elementor-element-populated\">\n\t\t\t\t\t\t<section class=\"elementor-section elementor-inner-section elementor-element elementor-element-6689c8d elementor-section-boxed elementor-section-height-default elementor-section-height-default\" data-id=\"6689c8d\" data-element_type=\"section\" data-e-type=\"section\">\n\t\t\t\t\t\t<div class=\"elementor-container elementor-column-gap-default\">\n\t\t\t\t\t<div class=\"elementor-column elementor-col-100 elementor-inner-column elementor-element elementor-element-f42cb85\" data-id=\"f42cb85\" data-element_type=\"column\" data-e-type=\"column\">\n\t\t\t<div class=\"elementor-widget-wrap elementor-element-populated\">\n\t\t\t\t\t\t<div class=\"elementor-element elementor-element-8256ae1 elementor-widget elementor-widget-heading\" data-id=\"8256ae1\" data-element_type=\"widget\" data-e-type=\"widget\" data-widget_type=\"heading.default\">\n\t\t\t\t<div class=\"elementor-widget-container\">\n\t\t\t\t\t<h1 class=\"elementor-heading-title elementor-size-default\">REALIZACJE FIRMY<\/h1>\t\t\t\t<\/div>\n\t\t\t\t<\/div>\n\t\t\t\t\t<\/div>\n\t\t<\/div>\n\t\t\t\t\t<\/div>\n\t\t<\/section>\n\t\t\t\t\t<\/div>\n\t\t<\/div>\n\t\t\t\t\t<\/div>\n\t\t<\/section>\n\t\t\t\t<section class=\"elementor-section elementor-top-section elementor-element elementor-element-ef173d8 elementor-section-boxed elementor-section-height-default elementor-section-height-default\" data-id=\"ef173d8\" data-element_type=\"section\" data-e-type=\"section\" data-settings=\"{&quot;background_background&quot;:&quot;classic&quot;}\">\n\t\t\t\t\t\t<div class=\"elementor-container elementor-column-gap-no\">\n\t\t\t\t\t<div class=\"elementor-column elementor-col-100 elementor-top-column elementor-element elementor-element-ba60afe\" data-id=\"ba60afe\" data-element_type=\"column\" data-e-type=\"column\">\n\t\t\t<div class=\"elementor-widget-wrap elementor-element-populated\">\n\t\t\t\t\t\t<div class=\"elementor-element elementor-element-f59f016 elementor-invisible elementor-widget elementor-widget-image-gallery\" data-id=\"f59f016\" data-element_type=\"widget\" data-e-type=\"widget\" data-settings=\"{&quot;_animation&quot;:&quot;fadeIn&quot;}\" data-widget_type=\"image-gallery.default\">\n\t\t\t\t<div class=\"elementor-widget-container\">\n\t\t\t\t\t\t\t<div class=\"elementor-image-gallery\">\n\t\t\t<div id='gallery-1' class='gallery galleryid-15 gallery-columns-2 gallery-size-2048x2048'><figure class='gallery-item'>\n\t\t\t<div class='gallery-icon landscape'>\n\t\t\t\t<a data-elementor-open-lightbox=\"yes\" data-elementor-lightbox-slideshow=\"f59f016\" data-elementor-lightbox-title=\"MAXI-TECH-1\" data-elementor-lightbox-description=\"MAXI-TECH\nZarz\u0105dca budynku: P.H.U MAXITECH\nLokalizacja: Ul. Koralowa 10 32-085 Modlniczka\n\" data-e-action-hash=\"#elementor-action%3Aaction%3Dlightbox%26settings%3DeyJpZCI6MTU5OCwidXJsIjoiaHR0cHM6XC9cL3NpdWRla3N6eWRsb3dza2kuY29tXC93cC1jb250ZW50XC91cGxvYWRzXC8yMDIzXC8wMlwvTUFYSS1URUNILTEuanBnIiwic2xpZGVzaG93IjoiZjU5ZjAxNiJ9\" href=\"https:\/\/i0.wp.com\/siudekszydlowski.com\/wp-content\/uploads\/2023\/02\/MAXI-TECH-1.jpg?ssl=1\"><img fetchpriority=\"high\" decoding=\"async\" width=\"1890\" height=\"1890\" src=\"https:\/\/i0.wp.com\/siudekszydlowski.com\/wp-content\/uploads\/2023\/02\/MAXI-TECH-1.jpg?fit=1890%2C1890&amp;ssl=1\" class=\"attachment-2048x2048 size-2048x2048\" alt=\"\" aria-describedby=\"gallery-1-1598\" srcset=\"https:\/\/i0.wp.com\/siudekszydlowski.com\/wp-content\/uploads\/2023\/02\/MAXI-TECH-1.jpg?w=1890&amp;ssl=1 1890w, https:\/\/i0.wp.com\/siudekszydlowski.com\/wp-content\/uploads\/2023\/02\/MAXI-TECH-1.jpg?resize=300%2C300&amp;ssl=1 300w, https:\/\/i0.wp.com\/siudekszydlowski.com\/wp-content\/uploads\/2023\/02\/MAXI-TECH-1.jpg?resize=1024%2C1024&amp;ssl=1 1024w, https:\/\/i0.wp.com\/siudekszydlowski.com\/wp-content\/uploads\/2023\/02\/MAXI-TECH-1.jpg?resize=150%2C150&amp;ssl=1 150w, https:\/\/i0.wp.com\/siudekszydlowski.com\/wp-content\/uploads\/2023\/02\/MAXI-TECH-1.jpg?resize=768%2C768&amp;ssl=1 768w, https:\/\/i0.wp.com\/siudekszydlowski.com\/wp-content\/uploads\/2023\/02\/MAXI-TECH-1.jpg?resize=1536%2C1536&amp;ssl=1 1536w\" sizes=\"(max-width: 1200px) 100vw, 1200px\" \/><\/a>\n\t\t\t<\/div>\n\t\t\t\t<figcaption class='wp-caption-text gallery-caption' id='gallery-1-1598'>\n\t\t\t\tMAXI-TECH\nZarz\u0105dca budynku: P.H.U MAXITECH\nLokalizacja: Ul. Koralowa 10 32-085 Modlniczka\n\n\t\t\t\t<\/figcaption><\/figure><figure class='gallery-item'>\n\t\t\t<div class='gallery-icon landscape'>\n\t\t\t\t<a data-elementor-open-lightbox=\"yes\" data-elementor-lightbox-slideshow=\"f59f016\" data-elementor-lightbox-title=\"MAXI-TECH-2\" data-elementor-lightbox-description=\"MAXI-TECH\nZarz\u0105dca budynku: P.H.U MAXITECH\nLokalizacja: Ul. Koralowa 10 32-085 Modlniczka\n\" data-e-action-hash=\"#elementor-action%3Aaction%3Dlightbox%26settings%3DeyJpZCI6MTU5OSwidXJsIjoiaHR0cHM6XC9cL3NpdWRla3N6eWRsb3dza2kuY29tXC93cC1jb250ZW50XC91cGxvYWRzXC8yMDIzXC8wMlwvTUFYSS1URUNILTIuanBnIiwic2xpZGVzaG93IjoiZjU5ZjAxNiJ9\" href=\"https:\/\/i0.wp.com\/siudekszydlowski.com\/wp-content\/uploads\/2023\/02\/MAXI-TECH-2.jpg?ssl=1\"><img decoding=\"async\" width=\"1890\" height=\"1890\" src=\"https:\/\/i0.wp.com\/siudekszydlowski.com\/wp-content\/uploads\/2023\/02\/MAXI-TECH-2.jpg?fit=1890%2C1890&amp;ssl=1\" class=\"attachment-2048x2048 size-2048x2048\" alt=\"\" aria-describedby=\"gallery-1-1599\" srcset=\"https:\/\/i0.wp.com\/siudekszydlowski.com\/wp-content\/uploads\/2023\/02\/MAXI-TECH-2.jpg?w=1890&amp;ssl=1 1890w, https:\/\/i0.wp.com\/siudekszydlowski.com\/wp-content\/uploads\/2023\/02\/MAXI-TECH-2.jpg?resize=300%2C300&amp;ssl=1 300w, https:\/\/i0.wp.com\/siudekszydlowski.com\/wp-content\/uploads\/2023\/02\/MAXI-TECH-2.jpg?resize=1024%2C1024&amp;ssl=1 1024w, https:\/\/i0.wp.com\/siudekszydlowski.com\/wp-content\/uploads\/2023\/02\/MAXI-TECH-2.jpg?resize=150%2C150&amp;ssl=1 150w, https:\/\/i0.wp.com\/siudekszydlowski.com\/wp-content\/uploads\/2023\/02\/MAXI-TECH-2.jpg?resize=768%2C768&amp;ssl=1 768w, https:\/\/i0.wp.com\/siudekszydlowski.com\/wp-content\/uploads\/2023\/02\/MAXI-TECH-2.jpg?resize=1536%2C1536&amp;ssl=1 1536w\" sizes=\"(max-width: 1200px) 100vw, 1200px\" \/><\/a>\n\t\t\t<\/div>\n\t\t\t\t<figcaption class='wp-caption-text gallery-caption' id='gallery-1-1599'>\n\t\t\t\tMAXI-TECH\nZarz\u0105dca budynku: P.H.U MAXITECH\nLokalizacja: Ul. Koralowa 10 32-085 Modlniczka\n\n\t\t\t\t<\/figcaption><\/figure><figure class='gallery-item'>\n\t\t\t<div class='gallery-icon landscape'>\n\t\t\t\t<a data-elementor-open-lightbox=\"yes\" data-elementor-lightbox-slideshow=\"f59f016\" data-elementor-lightbox-title=\"MOTOROL-3\" data-elementor-lightbox-description=\"Zarz\u0105dca budynku : MOTOROL Automotive Sp. z o.o \n\nLokalizacja:  Krak\u00f3w ul.P\u00f3\u0142anki 62 d \" data-e-action-hash=\"#elementor-action%3Aaction%3Dlightbox%26settings%3DeyJpZCI6MTU5NywidXJsIjoiaHR0cHM6XC9cL3NpdWRla3N6eWRsb3dza2kuY29tXC93cC1jb250ZW50XC91cGxvYWRzXC8yMDIzXC8wMlwvTU9UT1JPTC0zLXNjYWxlZC5qcGciLCJzbGlkZXNob3ciOiJmNTlmMDE2In0%3D\" href=\"https:\/\/i0.wp.com\/siudekszydlowski.com\/wp-content\/uploads\/2023\/02\/MOTOROL-3-scaled.jpg?ssl=1\"><img decoding=\"async\" width=\"2048\" height=\"1536\" src=\"https:\/\/i0.wp.com\/siudekszydlowski.com\/wp-content\/uploads\/2023\/02\/MOTOROL-3-scaled.jpg?fit=2048%2C1536&amp;ssl=1\" class=\"attachment-2048x2048 size-2048x2048\" alt=\"\" aria-describedby=\"gallery-1-1597\" srcset=\"https:\/\/i0.wp.com\/siudekszydlowski.com\/wp-content\/uploads\/2023\/02\/MOTOROL-3-scaled.jpg?w=2560&amp;ssl=1 2560w, https:\/\/i0.wp.com\/siudekszydlowski.com\/wp-content\/uploads\/2023\/02\/MOTOROL-3-scaled.jpg?resize=300%2C225&amp;ssl=1 300w, https:\/\/i0.wp.com\/siudekszydlowski.com\/wp-content\/uploads\/2023\/02\/MOTOROL-3-scaled.jpg?resize=1024%2C768&amp;ssl=1 1024w, https:\/\/i0.wp.com\/siudekszydlowski.com\/wp-content\/uploads\/2023\/02\/MOTOROL-3-scaled.jpg?resize=768%2C576&amp;ssl=1 768w, https:\/\/i0.wp.com\/siudekszydlowski.com\/wp-content\/uploads\/2023\/02\/MOTOROL-3-scaled.jpg?resize=1536%2C1152&amp;ssl=1 1536w, https:\/\/i0.wp.com\/siudekszydlowski.com\/wp-content\/uploads\/2023\/02\/MOTOROL-3-scaled.jpg?resize=2048%2C1536&amp;ssl=1 2048w, https:\/\/i0.wp.com\/siudekszydlowski.com\/wp-content\/uploads\/2023\/02\/MOTOROL-3-scaled.jpg?w=2400&amp;ssl=1 2400w\" sizes=\"(max-width: 1200px) 100vw, 1200px\" \/><\/a>\n\t\t\t<\/div>\n\t\t\t\t<figcaption class='wp-caption-text gallery-caption' id='gallery-1-1597'>\n\t\t\t\tZarz\u0105dca budynku : MOTOROL Automotive Sp. z o.o \n\nLokalizacja:  Krak\u00f3w ul.P\u00f3\u0142anki 62 d \n\t\t\t\t<\/figcaption><\/figure><figure class='gallery-item'>\n\t\t\t<div class='gallery-icon landscape'>\n\t\t\t\t<a data-elementor-open-lightbox=\"yes\" data-elementor-lightbox-slideshow=\"f59f016\" data-elementor-lightbox-title=\"MOTOROL-1\" data-elementor-lightbox-description=\"Zarz\u0105dca budynku : MOTOROL Automotive Sp. z o.o \n\nLokalizacja:  Krak\u00f3w ul.P\u00f3\u0142anki 62 d \" data-e-action-hash=\"#elementor-action%3Aaction%3Dlightbox%26settings%3DeyJpZCI6MTYwMCwidXJsIjoiaHR0cHM6XC9cL3NpdWRla3N6eWRsb3dza2kuY29tXC93cC1jb250ZW50XC91cGxvYWRzXC8yMDIzXC8wMlwvTU9UT1JPTC0xLXNjYWxlZC5qcGciLCJzbGlkZXNob3ciOiJmNTlmMDE2In0%3D\" href=\"https:\/\/i0.wp.com\/siudekszydlowski.com\/wp-content\/uploads\/2023\/02\/MOTOROL-1-scaled.jpg?ssl=1\"><img loading=\"lazy\" decoding=\"async\" width=\"2048\" height=\"1536\" src=\"https:\/\/i0.wp.com\/siudekszydlowski.com\/wp-content\/uploads\/2023\/02\/MOTOROL-1-scaled.jpg?fit=2048%2C1536&amp;ssl=1\" class=\"attachment-2048x2048 size-2048x2048\" alt=\"\" aria-describedby=\"gallery-1-1600\" srcset=\"https:\/\/i0.wp.com\/siudekszydlowski.com\/wp-content\/uploads\/2023\/02\/MOTOROL-1-scaled.jpg?w=2560&amp;ssl=1 2560w, https:\/\/i0.wp.com\/siudekszydlowski.com\/wp-content\/uploads\/2023\/02\/MOTOROL-1-scaled.jpg?resize=300%2C225&amp;ssl=1 300w, https:\/\/i0.wp.com\/siudekszydlowski.com\/wp-content\/uploads\/2023\/02\/MOTOROL-1-scaled.jpg?resize=1024%2C768&amp;ssl=1 1024w, https:\/\/i0.wp.com\/siudekszydlowski.com\/wp-content\/uploads\/2023\/02\/MOTOROL-1-scaled.jpg?resize=768%2C576&amp;ssl=1 768w, https:\/\/i0.wp.com\/siudekszydlowski.com\/wp-content\/uploads\/2023\/02\/MOTOROL-1-scaled.jpg?resize=1536%2C1152&amp;ssl=1 1536w, https:\/\/i0.wp.com\/siudekszydlowski.com\/wp-content\/uploads\/2023\/02\/MOTOROL-1-scaled.jpg?resize=2048%2C1536&amp;ssl=1 2048w, https:\/\/i0.wp.com\/siudekszydlowski.com\/wp-content\/uploads\/2023\/02\/MOTOROL-1-scaled.jpg?w=2400&amp;ssl=1 2400w\" sizes=\"(max-width: 1200px) 100vw, 1200px\" \/><\/a>\n\t\t\t<\/div>\n\t\t\t\t<figcaption class='wp-caption-text gallery-caption' id='gallery-1-1600'>\n\t\t\t\tZarz\u0105dca budynku : MOTOROL Automotive Sp. z o.o \n\nLokalizacja:  Krak\u00f3w ul.P\u00f3\u0142anki 62 d \n\t\t\t\t<\/figcaption><\/figure><figure class='gallery-item'>\n\t\t\t<div class='gallery-icon landscape'>\n\t\t\t\t<a data-elementor-open-lightbox=\"yes\" data-elementor-lightbox-slideshow=\"f59f016\" data-elementor-lightbox-title=\"MOTOROL-2\" data-elementor-lightbox-description=\"Zarz\u0105dca budynku : MOTOROL Automotive Sp. z o.o \n\nLokalizacja:  Krak\u00f3w ul.P\u00f3\u0142anki 62 d \" data-e-action-hash=\"#elementor-action%3Aaction%3Dlightbox%26settings%3DeyJpZCI6MTYwMSwidXJsIjoiaHR0cHM6XC9cL3NpdWRla3N6eWRsb3dza2kuY29tXC93cC1jb250ZW50XC91cGxvYWRzXC8yMDIzXC8wMlwvTU9UT1JPTC0yLXNjYWxlZC5qcGciLCJzbGlkZXNob3ciOiJmNTlmMDE2In0%3D\" href=\"https:\/\/i0.wp.com\/siudekszydlowski.com\/wp-content\/uploads\/2023\/02\/MOTOROL-2-scaled.jpg?ssl=1\"><img loading=\"lazy\" decoding=\"async\" width=\"2048\" height=\"1536\" src=\"https:\/\/i0.wp.com\/siudekszydlowski.com\/wp-content\/uploads\/2023\/02\/MOTOROL-2-scaled.jpg?fit=2048%2C1536&amp;ssl=1\" class=\"attachment-2048x2048 size-2048x2048\" alt=\"\" aria-describedby=\"gallery-1-1601\" srcset=\"https:\/\/i0.wp.com\/siudekszydlowski.com\/wp-content\/uploads\/2023\/02\/MOTOROL-2-scaled.jpg?w=2560&amp;ssl=1 2560w, https:\/\/i0.wp.com\/siudekszydlowski.com\/wp-content\/uploads\/2023\/02\/MOTOROL-2-scaled.jpg?resize=300%2C225&amp;ssl=1 300w, https:\/\/i0.wp.com\/siudekszydlowski.com\/wp-content\/uploads\/2023\/02\/MOTOROL-2-scaled.jpg?resize=1024%2C768&amp;ssl=1 1024w, https:\/\/i0.wp.com\/siudekszydlowski.com\/wp-content\/uploads\/2023\/02\/MOTOROL-2-scaled.jpg?resize=768%2C576&amp;ssl=1 768w, https:\/\/i0.wp.com\/siudekszydlowski.com\/wp-content\/uploads\/2023\/02\/MOTOROL-2-scaled.jpg?resize=1536%2C1152&amp;ssl=1 1536w, https:\/\/i0.wp.com\/siudekszydlowski.com\/wp-content\/uploads\/2023\/02\/MOTOROL-2-scaled.jpg?resize=2048%2C1536&amp;ssl=1 2048w, https:\/\/i0.wp.com\/siudekszydlowski.com\/wp-content\/uploads\/2023\/02\/MOTOROL-2-scaled.jpg?w=2400&amp;ssl=1 2400w\" sizes=\"(max-width: 1200px) 100vw, 1200px\" \/><\/a>\n\t\t\t<\/div>\n\t\t\t\t<figcaption class='wp-caption-text gallery-caption' id='gallery-1-1601'>\n\t\t\t\tZarz\u0105dca budynku : MOTOROL Automotive Sp. z o.o \n\nLokalizacja:  Krak\u00f3w ul.P\u00f3\u0142anki 62 d \n\t\t\t\t<\/figcaption><\/figure><figure class='gallery-item'>\n\t\t\t<div class='gallery-icon landscape'>\n\t\t\t\t<a data-elementor-open-lightbox=\"yes\" data-elementor-lightbox-slideshow=\"f59f016\" data-elementor-lightbox-title=\"KRAK-ZNICZ-2\" data-elementor-lightbox-description=\"KRAK-ZNICZ:\n Zarz\u0105dca budynku: Krak-Znicz- Generalny przedstawiciel firmy MAX-POL\n Lokalizacja: ul. Koralowa 12, 32-085 Modlniczka\" data-e-action-hash=\"#elementor-action%3Aaction%3Dlightbox%26settings%3DeyJpZCI6MTYwMiwidXJsIjoiaHR0cHM6XC9cL3NpdWRla3N6eWRsb3dza2kuY29tXC93cC1jb250ZW50XC91cGxvYWRzXC8yMDIzXC8wMlwvS1JBSy1aTklDWi0yLmpwZyIsInNsaWRlc2hvdyI6ImY1OWYwMTYifQ%3D%3D\" href=\"https:\/\/i0.wp.com\/siudekszydlowski.com\/wp-content\/uploads\/2023\/02\/KRAK-ZNICZ-2.jpg?ssl=1\"><img loading=\"lazy\" decoding=\"async\" width=\"2016\" height=\"908\" src=\"https:\/\/i0.wp.com\/siudekszydlowski.com\/wp-content\/uploads\/2023\/02\/KRAK-ZNICZ-2.jpg?fit=2016%2C908&amp;ssl=1\" class=\"attachment-2048x2048 size-2048x2048\" alt=\"\" aria-describedby=\"gallery-1-1602\" srcset=\"https:\/\/i0.wp.com\/siudekszydlowski.com\/wp-content\/uploads\/2023\/02\/KRAK-ZNICZ-2.jpg?w=2016&amp;ssl=1 2016w, https:\/\/i0.wp.com\/siudekszydlowski.com\/wp-content\/uploads\/2023\/02\/KRAK-ZNICZ-2.jpg?resize=300%2C135&amp;ssl=1 300w, https:\/\/i0.wp.com\/siudekszydlowski.com\/wp-content\/uploads\/2023\/02\/KRAK-ZNICZ-2.jpg?resize=1024%2C461&amp;ssl=1 1024w, https:\/\/i0.wp.com\/siudekszydlowski.com\/wp-content\/uploads\/2023\/02\/KRAK-ZNICZ-2.jpg?resize=768%2C346&amp;ssl=1 768w, https:\/\/i0.wp.com\/siudekszydlowski.com\/wp-content\/uploads\/2023\/02\/KRAK-ZNICZ-2.jpg?resize=1536%2C692&amp;ssl=1 1536w\" sizes=\"(max-width: 1200px) 100vw, 1200px\" \/><\/a>\n\t\t\t<\/div>\n\t\t\t\t<figcaption class='wp-caption-text gallery-caption' id='gallery-1-1602'>\n\t\t\t\tKRAK-ZNICZ:\n Zarz\u0105dca budynku: Krak-Znicz- Generalny przedstawiciel firmy MAX-POL\n Lokalizacja: ul. Koralowa 12, 32-085 Modlniczka\n\t\t\t\t<\/figcaption><\/figure><figure class='gallery-item'>\n\t\t\t<div class='gallery-icon landscape'>\n\t\t\t\t<a data-elementor-open-lightbox=\"yes\" data-elementor-lightbox-slideshow=\"f59f016\" data-elementor-lightbox-title=\"KRAK-ZNICZ-1\" data-elementor-lightbox-description=\"KRAK-ZNICZ:\n Zarz\u0105dca budynku: Krak-Znicz- Generalny przedstawiciel firmy MAX-POL\n Lokalizacja: ul. Koralowa 12, 32-085 Modlniczka\" data-e-action-hash=\"#elementor-action%3Aaction%3Dlightbox%26settings%3DeyJpZCI6MTYwMywidXJsIjoiaHR0cHM6XC9cL3NpdWRla3N6eWRsb3dza2kuY29tXC93cC1jb250ZW50XC91cGxvYWRzXC8yMDIzXC8wMlwvS1JBSy1aTklDWi0xLmpwZyIsInNsaWRlc2hvdyI6ImY1OWYwMTYifQ%3D%3D\" href=\"https:\/\/i0.wp.com\/siudekszydlowski.com\/wp-content\/uploads\/2023\/02\/KRAK-ZNICZ-1.jpg?ssl=1\"><img loading=\"lazy\" decoding=\"async\" width=\"2016\" height=\"908\" src=\"https:\/\/i0.wp.com\/siudekszydlowski.com\/wp-content\/uploads\/2023\/02\/KRAK-ZNICZ-1.jpg?fit=2016%2C908&amp;ssl=1\" class=\"attachment-2048x2048 size-2048x2048\" alt=\"\" aria-describedby=\"gallery-1-1603\" srcset=\"https:\/\/i0.wp.com\/siudekszydlowski.com\/wp-content\/uploads\/2023\/02\/KRAK-ZNICZ-1.jpg?w=2016&amp;ssl=1 2016w, https:\/\/i0.wp.com\/siudekszydlowski.com\/wp-content\/uploads\/2023\/02\/KRAK-ZNICZ-1.jpg?resize=300%2C135&amp;ssl=1 300w, https:\/\/i0.wp.com\/siudekszydlowski.com\/wp-content\/uploads\/2023\/02\/KRAK-ZNICZ-1.jpg?resize=1024%2C461&amp;ssl=1 1024w, https:\/\/i0.wp.com\/siudekszydlowski.com\/wp-content\/uploads\/2023\/02\/KRAK-ZNICZ-1.jpg?resize=768%2C346&amp;ssl=1 768w, https:\/\/i0.wp.com\/siudekszydlowski.com\/wp-content\/uploads\/2023\/02\/KRAK-ZNICZ-1.jpg?resize=1536%2C692&amp;ssl=1 1536w\" sizes=\"(max-width: 1200px) 100vw, 1200px\" \/><\/a>\n\t\t\t<\/div>\n\t\t\t\t<figcaption class='wp-caption-text gallery-caption' id='gallery-1-1603'>\n\t\t\t\tKRAK-ZNICZ:\n Zarz\u0105dca budynku: Krak-Znicz- Generalny przedstawiciel firmy MAX-POL\n Lokalizacja: ul. Koralowa 12, 32-085 Modlniczka\n\t\t\t\t<\/figcaption><\/figure><figure class='gallery-item'>\n\t\t\t<div class='gallery-icon landscape'>\n\t\t\t\t<a data-elementor-open-lightbox=\"yes\" data-elementor-lightbox-slideshow=\"f59f016\" data-elementor-lightbox-title=\"JC1\" data-elementor-lightbox-description=\"INTER-CARS:\nZarz\u0105dca budynku: INTER-CARS S.A.\nLokalizacja: Jab\u0142oniowa 23, 30-444 Libert\u00f3w\" data-e-action-hash=\"#elementor-action%3Aaction%3Dlightbox%26settings%3DeyJpZCI6Njg0LCJ1cmwiOiJodHRwczpcL1wvc2l1ZGVrc3p5ZGxvd3NraS5jb21cL3dwLWNvbnRlbnRcL3VwbG9hZHNcLzIwMjFcLzAxXC9KQzEuanBnIiwic2xpZGVzaG93IjoiZjU5ZjAxNiJ9\" href=\"https:\/\/i0.wp.com\/siudekszydlowski.com\/wp-content\/uploads\/2021\/01\/JC1.jpg?ssl=1\"><img loading=\"lazy\" decoding=\"async\" width=\"800\" height=\"450\" src=\"https:\/\/i0.wp.com\/siudekszydlowski.com\/wp-content\/uploads\/2021\/01\/JC1.jpg?fit=800%2C450&amp;ssl=1\" class=\"attachment-2048x2048 size-2048x2048\" alt=\"\" aria-describedby=\"gallery-1-684\" srcset=\"https:\/\/i0.wp.com\/siudekszydlowski.com\/wp-content\/uploads\/2021\/01\/JC1.jpg?w=800&amp;ssl=1 800w, https:\/\/i0.wp.com\/siudekszydlowski.com\/wp-content\/uploads\/2021\/01\/JC1.jpg?resize=300%2C169&amp;ssl=1 300w, https:\/\/i0.wp.com\/siudekszydlowski.com\/wp-content\/uploads\/2021\/01\/JC1.jpg?resize=768%2C432&amp;ssl=1 768w\" sizes=\"(max-width: 800px) 100vw, 800px\" \/><\/a>\n\t\t\t<\/div>\n\t\t\t\t<figcaption class='wp-caption-text gallery-caption' id='gallery-1-684'>\n\t\t\t\tINTER-CARS:\nZarz\u0105dca budynku: INTER-CARS S.A.\nLokalizacja: Jab\u0142oniowa 23, 30-444 Libert\u00f3w\n\t\t\t\t<\/figcaption><\/figure>\n\t\t<\/div>\n\t\t<\/div>\n\t\t\t\t\t\t<\/div>\n\t\t\t\t<\/div>\n\t\t\t\t\t<\/div>\n\t\t<\/div>\n\t\t\t\t\t<\/div>\n\t\t<\/section>\n\t\t\t\t<section class=\"elementor-section elementor-top-section elementor-element elementor-element-ba46214 elementor-section-content-middle elementor-section-boxed elementor-section-height-default elementor-section-height-default\" data-id=\"ba46214\" data-element_type=\"section\" data-e-type=\"section\" data-settings=\"{&quot;background_background&quot;:&quot;classic&quot;,&quot;animation&quot;:&quot;none&quot;}\">\n\t\t\t\t\t\t\t<div class=\"elementor-background-overlay\"><\/div>\n\t\t\t\t\t\t\t<div class=\"elementor-container elementor-column-gap-no\">\n\t\t\t\t\t<div class=\"elementor-column elementor-col-66 elementor-top-column elementor-element elementor-element-577cdb9\" data-id=\"577cdb9\" data-element_type=\"column\" data-e-type=\"column\">\n\t\t\t<div class=\"elementor-widget-wrap elementor-element-populated\">\n\t\t\t\t\t\t<div class=\"elementor-element elementor-element-6e70d8e elementor-widget elementor-widget-text-editor\" data-id=\"6e70d8e\" data-element_type=\"widget\" data-e-type=\"widget\" data-widget_type=\"text-editor.default\">\n\t\t\t\t<div class=\"elementor-widget-container\">\n\t\t\t\t\t\t\t\t\tChcesz zobaczy\u0107 co mo\u017cemy dla Ciebie zrobi\u0107?\u200b\t\t\t\t\t\t\t\t<\/div>\n\t\t\t\t<\/div>\n\t\t\t\t<div class=\"elementor-element elementor-element-4e75674 elementor-widget elementor-widget-heading\" data-id=\"4e75674\" data-element_type=\"widget\" data-e-type=\"widget\" data-widget_type=\"heading.default\">\n\t\t\t\t<div class=\"elementor-widget-container\">\n\t\t\t\t\t<h2 class=\"elementor-heading-title elementor-size-default\">Zadzwo\u0144 do nas: <br>\n606 601 633 - Mariusz Siudek<br>602 126 833 - Wojciech Szyd\u0142owski<\/h2>\t\t\t\t<\/div>\n\t\t\t\t<\/div>\n\t\t\t\t<div class=\"elementor-element elementor-element-8e125b5 elementor-align-left elementor-widget elementor-widget-button\" data-id=\"8e125b5\" data-element_type=\"widget\" data-e-type=\"widget\" data-widget_type=\"button.default\">\n\t\t\t\t<div class=\"elementor-widget-container\">\n\t\t\t\t\t\t\t\t\t<div class=\"elementor-button-wrapper\">\n\t\t\t\t\t<a class=\"elementor-button elementor-button-link elementor-size-md\" href=\"http:\/\/www.siudekszydlowski.com\/kontakt\">\n\t\t\t\t\t\t<span class=\"elementor-button-content-wrapper\">\n\t\t\t\t\t\t\t\t\t<span class=\"elementor-button-text\">Skontaktuj si\u0119 mailowo!<\/span>\n\t\t\t\t\t<\/span>\n\t\t\t\t\t<\/a>\n\t\t\t\t<\/div>\n\t\t\t\t\t\t\t\t<\/div>\n\t\t\t\t<\/div>\n\t\t\t\t\t<\/div>\n\t\t<\/div>\n\t\t\t\t<div class=\"elementor-column elementor-col-33 elementor-top-column elementor-element elementor-element-a6968c8\" data-id=\"a6968c8\" data-element_type=\"column\" data-e-type=\"column\">\n\t\t\t<div class=\"elementor-widget-wrap\">\n\t\t\t\t\t\t\t<\/div>\n\t\t<\/div>\n\t\t\t\t\t<\/div>\n\t\t<\/section>\n\t\t\t\t<\/div>\n\t\t","protected":false},"excerpt":{"rendered":"<p>REALIZACJE FIRMY MAXI-TECH Zarz\u0105dca budynku: P.H.U MAXITECH Lokalizacja: Ul. Koralowa 10 32-085 Modlniczka MAXI-TECH Zarz\u0105dca budynku: P.H.U MAXITECH Lokalizacja: Ul. Koralowa 10 32-085 Modlniczka Zarz\u0105dca budynku : MOTOROL Automotive Sp. z o.o Lokalizacja: Krak\u00f3w ul.P\u00f3\u0142anki 62 d Zarz\u0105dca budynku : MOTOROL Automotive Sp. z o.o Lokalizacja: Krak\u00f3w ul.P\u00f3\u0142anki 62 d Zarz\u0105dca budynku : MOTOROL Automotive [&hellip;]<\/p>\n","protected":false},"author":2,"featured_media":0,"parent":0,"menu_order":0,"comment_status":"closed","ping_status":"closed","template":"","meta":{"site-sidebar-layout":"default","site-content-layout":"page-builder","ast-site-content-layout":"default","site-content-style":"default","site-sidebar-style":"default","ast-global-header-display":"","ast-banner-title-visibility":"","ast-main-header-display":"","ast-hfb-above-header-display":"","ast-hfb-below-header-display":"","ast-hfb-mobile-header-display":"","site-post-title":"disabled","ast-breadcrumbs-content":"","ast-featured-img":"disabled","footer-sml-layout":"","ast-disable-related-posts":"","theme-transparent-header-meta":"enabled","adv-header-id-meta":"","stick-header-meta":"","header-above-stick-meta":"","header-main-stick-meta":"","header-below-stick-meta":"","astra-migrate-meta-layouts":"default","ast-page-background-enabled":"default","ast-page-background-meta":{"desktop":{"background-color":"","background-image":"","background-repeat":"repeat","background-position":"center center","background-size":"auto","background-attachment":"scroll","background-type":"","background-media":"","overlay-type":"","overlay-color":"","overlay-opacity":"","overlay-gradient":""},"tablet":{"background-color":"","background-image":"","background-repeat":"repeat","background-position":"center center","background-size":"auto","background-attachment":"scroll","background-type":"","background-media":"","overlay-type":"","overlay-color":"","overlay-opacity":"","overlay-gradient":""},"mobile":{"background-color":"","background-image":"","background-repeat":"repeat","background-position":"center center","background-size":"auto","background-attachment":"scroll","background-type":"","background-media":"","overlay-type":"","overlay-color":"","overlay-opacity":"","overlay-gradient":""}},"ast-content-background-meta":{"desktop":{"background-color":"var(--ast-global-color-5)","background-image":"","background-repeat":"repeat","background-position":"center center","background-size":"auto","background-attachment":"scroll","background-type":"","background-media":"","overlay-type":"","overlay-color":"","overlay-opacity":"","overlay-gradient":""},"tablet":{"background-color":"var(--ast-global-color-5)","background-image":"","background-repeat":"repeat","background-position":"center center","background-size":"auto","background-attachment":"scroll","background-type":"","background-media":"","overlay-type":"","overlay-color":"","overlay-opacity":"","overlay-gradient":""},"mobile":{"background-color":"var(--ast-global-color-5)","background-image":"","background-repeat":"repeat","background-position":"center center","background-size":"auto","background-attachment":"scroll","background-type":"","background-media":"","overlay-type":"","overlay-color":"","overlay-opacity":"","overlay-gradient":""}},"footnotes":""},"class_list":["post-15","page","type-page","status-publish","hentry"],"_links":{"self":[{"href":"https:\/\/siudekszydlowski.com\/index.php?rest_route=\/wp\/v2\/pages\/15","targetHints":{"allow":["GET"]}}],"collection":[{"href":"https:\/\/siudekszydlowski.com\/index.php?rest_route=\/wp\/v2\/pages"}],"about":[{"href":"https:\/\/siudekszydlowski.com\/index.php?rest_route=\/wp\/v2\/types\/page"}],"author":[{"embeddable":true,"href":"https:\/\/siudekszydlowski.com\/index.php?rest_route=\/wp\/v2\/users\/2"}],"replies":[{"embeddable":true,"href":"https:\/\/siudekszydlowski.com\/index.php?rest_route=%2Fwp%2Fv2%2Fcomments&post=15"}],"version-history":[{"count":0,"href":"https:\/\/siudekszydlowski.com\/index.php?rest_route=\/wp\/v2\/pages\/15\/revisions"}],"wp:attachment":[{"href":"https:\/\/siudekszydlowski.com\/index.php?rest_route=%2Fwp%2Fv2%2Fmedia&parent=15"}],"curies":[{"name":"wp","href":"https:\/\/api.w.org\/{rel}","templated":true}]}}